{"id":1591,"date":"2023-11-27T17:34:59","date_gmt":"2023-11-27T16:34:59","guid":{"rendered":"https:\/\/learningforlifebali.com\/?post_type=product&#038;p=1591"},"modified":"2023-11-27T18:02:19","modified_gmt":"2023-11-27T17:02:19","slug":"champagne-veuve-maurice-lepitre","status":"publish","type":"product","link":"https:\/\/dev.learningforlifebali.com\/en\/product\/champagne-veuve-maurice-lepitre\/","title":{"rendered":"Champagne Veuve Maurice Lepitre Premier Cru (per fles)"},"content":{"rendered":"<p>Maurice Lepitre begon in 1905 zijn \u201cMaison de Champagne\u201d in Rilly la Montagne. Hij was een pionier Champagne-maker met een persoonlijke<br \/>\nen verfijnde stijl.<br \/>\nZijn dochter en schoonzoon zetten zijn werk voort en onderscheiden zich met champagne van een constante kwaliteit die regelmatig met verschillende prijzen wordt bekroond.<br \/>\nCuv\u00e9e Brut Extra R\u00e9serve Een uitgebalanceerde en frisse champagne van de vari\u00ebteiten Chardonnay (40%), Pinot Meunier (60%). Ideaal voor elke gelegenheid. In de toonaangevende Guide Hachette gekarakteriseerd als \u201c . . . een snuifje witte bloemen\u201d<\/p>\n","protected":false},"excerpt":{"rendered":"<p><strong>Jouw aankoop van deze wijn maakt dromen waar van kinderen, ouders en docenten. Daar zijn we allemaal heel blij mee. Dank !<\/strong><\/p>\n<p>Proef en steun het goede doel: Geniet van een heerlijk glas champagne en draag tegelijkertijd bij aan kinderen, ouders en docenten op Bali. Wij hebben een wisselende collectie wijnen, waarbij alle opbrengsten rechtstreeks naar het goede doel gaan. Dankzij de samenwerking met de hele keten, van importeur tot verkoop, kunnen we deze wijnen tegen een onge\u00ebvenaarde prijs aanbieden, waardoor je niet alleen geniet van een voortreffelijke wijn, maar ook een verschil maakt in de levens\u00a0van\u00a0anderen.<\/p>\n","protected":false},"featured_media":1592,"template":"","meta":{"_acf_changed":false},"product_brand":[],"product_cat":[39],"product_tag":[],"class_list":{"0":"post-1591","1":"product","2":"type-product","3":"status-publish","4":"has-post-thumbnail","6":"product_cat-wijn","7":"product_shipping_class-wijn","9":"first","10":"instock","11":"purchasable","12":"product-type-simple"},"acf":[],"yoast_head":"<!-- This site is optimized with the Yoast SEO plugin v26.4 - https:\/\/yoast.com\/wordpress\/plugins\/seo\/ -->\n<title>Champagne Veuve Maurice Lepitre Premier Cru (per fles) - Learning For Life Bali<\/title>\n<meta name=\"robots\" content=\"noindex, follow, max-snippet:-1, max-image-preview:large, max-video-preview:-1\" \/>\n<meta property=\"og:locale\" content=\"en_US\" \/>\n<meta property=\"og:type\" content=\"article\" \/>\n<meta property=\"og:title\" content=\"Champagne Veuve Maurice Lepitre Premier Cru (per fles) - Learning For Life Bali\" \/>\n<meta property=\"og:description\" content=\"Jouw aankoop van deze wijn maakt dromen waar van kinderen, ouders en docenten. Daar zijn we allemaal heel blij mee. Dank ! Proef en steun het goede doel: Geniet van een heerlijk glas champagne en draag tegelijkertijd bij aan kinderen, ouders en docenten op Bali. Wij hebben een wisselende collectie wijnen, waarbij alle opbrengsten rechtstreeks naar het goede doel gaan. Dankzij de samenwerking met de hele keten, van importeur tot verkoop, kunnen we deze wijnen tegen een onge\u00ebvenaarde prijs aanbieden, waardoor je niet alleen geniet van een voortreffelijke wijn, maar ook een verschil maakt in de levens\u00a0van\u00a0anderen.\" \/>\n<meta property=\"og:url\" content=\"https:\/\/dev.learningforlifebali.com\/product\/champagne-veuve-maurice-lepitre\/\" \/>\n<meta property=\"og:site_name\" content=\"Learning For Life Bali\" \/>\n<meta property=\"article:modified_time\" content=\"2023-11-27T17:02:19+00:00\" \/>\n<meta property=\"og:image\" content=\"https:\/\/dev.learningforlifebali.com\/\/app\/uploads\/2023\/11\/Veuve-Maurice-Lepitre.jpg\" \/>\n\t<meta property=\"og:image:width\" content=\"1000\" \/>\n\t<meta property=\"og:image:height\" content=\"1000\" \/>\n\t<meta property=\"og:image:type\" content=\"image\/jpeg\" \/>\n<meta name=\"twitter:card\" content=\"summary_large_image\" \/>\n<meta name=\"twitter:label1\" content=\"Est. reading time\" \/>\n\t<meta name=\"twitter:data1\" content=\"2 minutes\" \/>\n<script type=\"application\/ld+json\" class=\"yoast-schema-graph\">{\"@context\":\"https:\/\/schema.org\",\"@graph\":[{\"@type\":\"WebPage\",\"@id\":\"https:\/\/dev.learningforlifebali.com\/product\/champagne-veuve-maurice-lepitre\/\",\"url\":\"https:\/\/dev.learningforlifebali.com\/product\/champagne-veuve-maurice-lepitre\/\",\"name\":\"Champagne Veuve Maurice Lepitre Premier Cru (per fles) - Learning For Life Bali\",\"isPartOf\":{\"@id\":\"https:\/\/dev.learningforlifebali.com\/#website\"},\"primaryImageOfPage\":{\"@id\":\"https:\/\/dev.learningforlifebali.com\/product\/champagne-veuve-maurice-lepitre\/#primaryimage\"},\"image\":{\"@id\":\"https:\/\/dev.learningforlifebali.com\/product\/champagne-veuve-maurice-lepitre\/#primaryimage\"},\"thumbnailUrl\":\"https:\/\/dev.learningforlifebali.com\/\/app\/uploads\/2023\/11\/Veuve-Maurice-Lepitre.jpg\",\"datePublished\":\"2023-11-27T16:34:59+00:00\",\"dateModified\":\"2023-11-27T17:02:19+00:00\",\"breadcrumb\":{\"@id\":\"https:\/\/dev.learningforlifebali.com\/product\/champagne-veuve-maurice-lepitre\/#breadcrumb\"},\"inLanguage\":\"en-US\",\"potentialAction\":[{\"@type\":\"ReadAction\",\"target\":[\"https:\/\/dev.learningforlifebali.com\/product\/champagne-veuve-maurice-lepitre\/\"]}]},{\"@type\":\"ImageObject\",\"inLanguage\":\"en-US\",\"@id\":\"https:\/\/dev.learningforlifebali.com\/product\/champagne-veuve-maurice-lepitre\/#primaryimage\",\"url\":\"https:\/\/dev.learningforlifebali.com\/\/app\/uploads\/2023\/11\/Veuve-Maurice-Lepitre.jpg\",\"contentUrl\":\"https:\/\/dev.learningforlifebali.com\/\/app\/uploads\/2023\/11\/Veuve-Maurice-Lepitre.jpg\",\"width\":1000,\"height\":1000},{\"@type\":\"BreadcrumbList\",\"@id\":\"https:\/\/dev.learningforlifebali.com\/product\/champagne-veuve-maurice-lepitre\/#breadcrumb\",\"itemListElement\":[{\"@type\":\"ListItem\",\"position\":1,\"name\":\"Home\",\"item\":\"https:\/\/dev.learningforlifebali.com\/en\/\"},{\"@type\":\"ListItem\",\"position\":2,\"name\":\"Shop\",\"item\":\"https:\/\/dev.learningforlifebali.com\/shop\/\"},{\"@type\":\"ListItem\",\"position\":3,\"name\":\"Champagne Veuve Maurice Lepitre Premier Cru (per fles)\"}]},{\"@type\":\"WebSite\",\"@id\":\"https:\/\/dev.learningforlifebali.com\/#website\",\"url\":\"https:\/\/dev.learningforlifebali.com\/\",\"name\":\"Learning For Life Bali\",\"description\":\"\",\"potentialAction\":[{\"@type\":\"SearchAction\",\"target\":{\"@type\":\"EntryPoint\",\"urlTemplate\":\"https:\/\/dev.learningforlifebali.com\/?s={search_term_string}\"},\"query-input\":{\"@type\":\"PropertyValueSpecification\",\"valueRequired\":true,\"valueName\":\"search_term_string\"}}],\"inLanguage\":\"en-US\"}]}<\/script>\n<!-- \/ Yoast SEO plugin. -->","yoast_head_json":{"title":"Champagne Veuve Maurice Lepitre Premier Cru (per fles) - Learning For Life Bali","robots":{"index":"noindex","follow":"follow","max-snippet":"max-snippet:-1","max-image-preview":"max-image-preview:large","max-video-preview":"max-video-preview:-1"},"og_locale":"en_US","og_type":"article","og_title":"Champagne Veuve Maurice Lepitre Premier Cru (per fles) - Learning For Life Bali","og_description":"Jouw aankoop van deze wijn maakt dromen waar van kinderen, ouders en docenten. Daar zijn we allemaal heel blij mee. Dank ! Proef en steun het goede doel: Geniet van een heerlijk glas champagne en draag tegelijkertijd bij aan kinderen, ouders en docenten op Bali. Wij hebben een wisselende collectie wijnen, waarbij alle opbrengsten rechtstreeks naar het goede doel gaan. Dankzij de samenwerking met de hele keten, van importeur tot verkoop, kunnen we deze wijnen tegen een onge\u00ebvenaarde prijs aanbieden, waardoor je niet alleen geniet van een voortreffelijke wijn, maar ook een verschil maakt in de levens\u00a0van\u00a0anderen.","og_url":"https:\/\/dev.learningforlifebali.com\/product\/champagne-veuve-maurice-lepitre\/","og_site_name":"Learning For Life Bali","article_modified_time":"2023-11-27T17:02:19+00:00","og_image":[{"width":1000,"height":1000,"url":"https:\/\/dev.learningforlifebali.com\/\/app\/uploads\/2023\/11\/Veuve-Maurice-Lepitre.jpg","type":"image\/jpeg"}],"twitter_card":"summary_large_image","twitter_misc":{"Est. reading time":"2 minutes"},"schema":{"@context":"https:\/\/schema.org","@graph":[{"@type":"WebPage","@id":"https:\/\/dev.learningforlifebali.com\/product\/champagne-veuve-maurice-lepitre\/","url":"https:\/\/dev.learningforlifebali.com\/product\/champagne-veuve-maurice-lepitre\/","name":"Champagne Veuve Maurice Lepitre Premier Cru (per fles) - Learning For Life Bali","isPartOf":{"@id":"https:\/\/dev.learningforlifebali.com\/#website"},"primaryImageOfPage":{"@id":"https:\/\/dev.learningforlifebali.com\/product\/champagne-veuve-maurice-lepitre\/#primaryimage"},"image":{"@id":"https:\/\/dev.learningforlifebali.com\/product\/champagne-veuve-maurice-lepitre\/#primaryimage"},"thumbnailUrl":"https:\/\/dev.learningforlifebali.com\/\/app\/uploads\/2023\/11\/Veuve-Maurice-Lepitre.jpg","datePublished":"2023-11-27T16:34:59+00:00","dateModified":"2023-11-27T17:02:19+00:00","breadcrumb":{"@id":"https:\/\/dev.learningforlifebali.com\/product\/champagne-veuve-maurice-lepitre\/#breadcrumb"},"inLanguage":"en-US","potentialAction":[{"@type":"ReadAction","target":["https:\/\/dev.learningforlifebali.com\/product\/champagne-veuve-maurice-lepitre\/"]}]},{"@type":"ImageObject","inLanguage":"en-US","@id":"https:\/\/dev.learningforlifebali.com\/product\/champagne-veuve-maurice-lepitre\/#primaryimage","url":"https:\/\/dev.learningforlifebali.com\/\/app\/uploads\/2023\/11\/Veuve-Maurice-Lepitre.jpg","contentUrl":"https:\/\/dev.learningforlifebali.com\/\/app\/uploads\/2023\/11\/Veuve-Maurice-Lepitre.jpg","width":1000,"height":1000},{"@type":"BreadcrumbList","@id":"https:\/\/dev.learningforlifebali.com\/product\/champagne-veuve-maurice-lepitre\/#breadcrumb","itemListElement":[{"@type":"ListItem","position":1,"name":"Home","item":"https:\/\/dev.learningforlifebali.com\/en\/"},{"@type":"ListItem","position":2,"name":"Shop","item":"https:\/\/dev.learningforlifebali.com\/shop\/"},{"@type":"ListItem","position":3,"name":"Champagne Veuve Maurice Lepitre Premier Cru (per fles)"}]},{"@type":"WebSite","@id":"https:\/\/dev.learningforlifebali.com\/#website","url":"https:\/\/dev.learningforlifebali.com\/","name":"Learning For Life Bali","description":"","potentialAction":[{"@type":"SearchAction","target":{"@type":"EntryPoint","urlTemplate":"https:\/\/dev.learningforlifebali.com\/?s={search_term_string}"},"query-input":{"@type":"PropertyValueSpecification","valueRequired":true,"valueName":"search_term_string"}}],"inLanguage":"en-US"}]}},"_links":{"self":[{"href":"https:\/\/dev.learningforlifebali.com\/en\/wp-json\/wp\/v2\/product\/1591","targetHints":{"allow":["GET"]}}],"collection":[{"href":"https:\/\/dev.learningforlifebali.com\/en\/wp-json\/wp\/v2\/product"}],"about":[{"href":"https:\/\/dev.learningforlifebali.com\/en\/wp-json\/wp\/v2\/types\/product"}],"wp:featuredmedia":[{"embeddable":true,"href":"https:\/\/dev.learningforlifebali.com\/en\/wp-json\/wp\/v2\/media\/1592"}],"wp:attachment":[{"href":"https:\/\/dev.learningforlifebali.com\/en\/wp-json\/wp\/v2\/media?parent=1591"}],"wp:term":[{"taxonomy":"product_brand","embeddable":true,"href":"https:\/\/dev.learningforlifebali.com\/en\/wp-json\/wp\/v2\/product_brand?post=1591"},{"taxonomy":"product_cat","embeddable":true,"href":"https:\/\/dev.learningforlifebali.com\/en\/wp-json\/wp\/v2\/product_cat?post=1591"},{"taxonomy":"product_tag","embeddable":true,"href":"https:\/\/dev.learningforlifebali.com\/en\/wp-json\/wp\/v2\/product_tag?post=1591"}],"curies":[{"name":"wp","href":"https:\/\/api.w.org\/{rel}","templated":true}]}}